{"id":283,"date":"2020-05-24T12:07:46","date_gmt":"2020-05-24T10:07:46","guid":{"rendered":"http:\/\/silesvachesavaientdesailes.org\/?page_id=283"},"modified":"2025-10-14T11:36:06","modified_gmt":"2025-10-14T09:36:06","slug":"matthieu-cote","status":"publish","type":"page","link":"https:\/\/silesvachesavaientdesailes.org\/index.php\/matthieu-cote\/","title":{"rendered":"Matthieu C\u00f4te"},"content":{"rendered":"<p>[et_pb_section fb_built=\u00a0\u00bb1&Prime; custom_padding_last_edited=\u00a0\u00bbon|desktop\u00a0\u00bb admin_label=\u00a0\u00bbAbout\u00a0\u00bb _builder_version=\u00a0\u00bb4.16&Prime; background_color=\u00a0\u00bb#160b00&Prime; use_background_color_gradient=\u00a0\u00bbon\u00a0\u00bb background_color_gradient_stops=\u00a0\u00bb#160b00 0%|rgba(22,11,0,0) 100%\u00a0\u00bb background_color_gradient_overlays_image=\u00a0\u00bbon\u00a0\u00bb background_color_gradient_start=\u00a0\u00bb#160b00&Prime; background_color_gradient_end=\u00a0\u00bbrgba(22,11,0,0)\u00a0\u00bb background_image=\u00a0\u00bbhttps:\/\/silesvachesavaientdesailes.org\/wp-content\/uploads\/2019\/11\/bar-24.jpg\u00a0\u00bb min_height=\u00a0\u00bb100vh\u00a0\u00bb custom_padding=\u00a0\u00bb10vw||10vw||true|false\u00a0\u00bb custom_padding_tablet=\u00a0\u00bb|0px|||false|false\u00a0\u00bb custom_padding_phone=\u00a0\u00bb|40px|||false|false\u00a0\u00bb box_shadow_style=\u00a0\u00bbpreset6&Prime; box_shadow_vertical=\u00a0\u00bb-412px\u00a0\u00bb box_shadow_blur=\u00a0\u00bb500px\u00a0\u00bb box_shadow_spread=\u00a0\u00bb-270px\u00a0\u00bb box_shadow_color=\u00a0\u00bb#160b00&Prime; saved_tabs=\u00a0\u00bball\u00a0\u00bb locked=\u00a0\u00bboff\u00a0\u00bb global_colors_info=\u00a0\u00bb{}\u00a0\u00bb][et_pb_row _builder_version=\u00a0\u00bb4.16&Prime; locked=\u00a0\u00bboff\u00a0\u00bb global_colors_info=\u00a0\u00bb{}\u00a0\u00bb][et_pb_column type=\u00a0\u00bb4_4&Prime; _builder_version=\u00a0\u00bb4.16&Prime; global_colors_info=\u00a0\u00bb{}\u00a0\u00bb][et_pb_text _builder_version=\u00a0\u00bb4.16&Prime; text_text_color=\u00a0\u00bbrgba(255,207,154,0.7)\u00a0\u00bb text_font_size=\u00a0\u00bb16px\u00a0\u00bb text_line_height=\u00a0\u00bb1.8em\u00a0\u00bb header_2_font=\u00a0\u00bbPlayfair Display||||||||\u00a0\u00bb header_2_text_color=\u00a0\u00bb#ffebd6&Prime; header_2_font_size=\u00a0\u00bb10vw\u00a0\u00bb header_2_line_height=\u00a0\u00bb0.9em\u00a0\u00bb background_layout=\u00a0\u00bbdark\u00a0\u00bb header_2_font_size_tablet=\u00a0\u00bb70px\u00a0\u00bb header_2_font_size_phone=\u00a0\u00bb50px\u00a0\u00bb header_2_font_size_last_edited=\u00a0\u00bbon|phone\u00a0\u00bb locked=\u00a0\u00bboff\u00a0\u00bb global_colors_info=\u00a0\u00bb{}\u00a0\u00bb]<\/p>\n<h2>Matthieu C\u00f4te<\/h2>\n<p>[\/et_pb_text][\/et_pb_column][\/et_pb_row][et_pb_row column_structure=\u00a0\u00bb2_5,3_5&Prime; _builder_version=\u00a0\u00bb4.16&Prime; locked=\u00a0\u00bboff\u00a0\u00bb global_colors_info=\u00a0\u00bb{}\u00a0\u00bb][et_pb_column type=\u00a0\u00bb2_5&Prime; _builder_version=\u00a0\u00bb4.16&Prime; global_colors_info=\u00a0\u00bb{}\u00a0\u00bb][\/et_pb_column][et_pb_column type=\u00a0\u00bb3_5&Prime; _builder_version=\u00a0\u00bb4.16&Prime; global_colors_info=\u00a0\u00bb{}\u00a0\u00bb][et_pb_text _builder_version=\u00a0\u00bb4.16&Prime; text_text_color=\u00a0\u00bb#ffffff\u00a0\u00bb text_font_size=\u00a0\u00bb16px\u00a0\u00bb text_line_height=\u00a0\u00bb1.8em\u00a0\u00bb header_2_font=\u00a0\u00bbPlayfair Display||||||||\u00a0\u00bb header_2_text_color=\u00a0\u00bb#ffebd6&Prime; header_2_font_size=\u00a0\u00bb60px\u00a0\u00bb header_2_line_height=\u00a0\u00bb1.2em\u00a0\u00bb header_6_font=\u00a0\u00bb|700||on|||||\u00a0\u00bb header_6_text_color=\u00a0\u00bb#ffcf9a\u00a0\u00bb header_6_letter_spacing=\u00a0\u00bb2px\u00a0\u00bb header_6_line_height=\u00a0\u00bb1.2em\u00a0\u00bb background_layout=\u00a0\u00bbdark\u00a0\u00bb max_width=\u00a0\u00bb550px\u00a0\u00bb header_2_font_size_tablet=\u00a0\u00bb40px\u00a0\u00bb header_2_font_size_phone=\u00a0\u00bb30px\u00a0\u00bb header_2_font_size_last_edited=\u00a0\u00bbon|phone\u00a0\u00bb locked=\u00a0\u00bboff\u00a0\u00bb global_colors_info=\u00a0\u00bb{}\u00a0\u00bb]<\/p>\n<h4><em><span>\u00ab Si les vaches avaient des ailes, espace Matthieu C\u00f4te \u00bb,<\/span><\/em><\/h4>\n<p><span>\u00a0c\u2019est avant tout l\u2019hommage que nous souhaitons rendre \u00e0 l\u2019ami cher et artiste incroyable qu\u2019\u00e9tait Matthieu C\u00f4te.<\/span><\/p>\n<p><span>En effet, lorsque nous avons cherch\u00e9 \u00e0 nommer ce nouveau projet, il a \u00e9t\u00e9 \u00e9vident pour nous de rendre hommage \u00e0 un artiste et ami parti trop t\u00f4t, Matthieu C\u00f4te.<\/span><\/p>\n<p><span>Chanteur, auteur-compositeur et interpr\u00e8te, il avait pour lui la \u00ab\u00a0voix\u00a0\u00bb, la plume et le geste, un talent rare et pr\u00e9cieux, et un regard sur la vie d\u2019une justesse hors du commun.<\/span><\/p>\n<p><span>Il est b\u00eatement et cruellement d\u00e9c\u00e9d\u00e9 le 26 septembre 2008, et a laiss\u00e9 en deuil de nombreux amoureux de la chanson fran\u00e7aise ainsi que des amis fid\u00e8les.<\/span><\/p>\n<h4><span><em>\u00ab\u00a0Si les vaches avaient des ailes\u00a0\u00bb<\/em>,<\/span><\/h4>\n<p><span> c\u2019est le titre d\u2019une de ses chansons, mais c\u2019est \u00e9galement pour nous une fa\u00e7on d\u2019envisager ce nouveau lieu\u00a0: quelque chose d\u2019ambitieux, presque impossible, mais atteignable avec ce qu\u2019il faut de travail et de r\u00eave.<\/span><\/p>\n<h4><em><span>\u00ab\u00a0Si les vaches avaient des ailes\u00a0\u00bb,<\/span><\/em><span>\u00a0<\/span><\/h4>\n<p><span>c\u2019est aussi une fa\u00e7on de renouer avec nos premi\u00e8res amours : le plaisir de provoquer la rencontre entre les artistes et le public, le plaisir de la d\u00e9couverte, le plaisir de refaire le monde dans un espace de convivialit\u00e9 chaleureux et intime, le plaisir de m\u00e9langer les genres artistiques.<\/span><\/p>\n<h4><em><span>\u00ab\u00a0Si les vaches\u00a0\u00bb<\/span><\/em><span>\u00a0<\/span><\/h4>\n<p><span>c\u2019est enfin l\u2019envie de proposer un espace de diffusion multiple\u00a0: r\u00e9sidences artistiques, concerts, expos, spectacles jeune public\u2026<\/span><\/p>\n<p>[\/et_pb_text][\/et_pb_column][\/et_pb_row][\/et_pb_section][et_pb_section fb_built=\u00a0\u00bb1&Prime; admin_label=\u00a0\u00bbFeature\u00a0\u00bb _builder_version=\u00a0\u00bb4.16&Prime; background_color=\u00a0\u00bb#160b00&Prime; custom_padding=\u00a0\u00bb1px|||||\u00a0\u00bb locked=\u00a0\u00bboff\u00a0\u00bb global_colors_info=\u00a0\u00bb{}\u00a0\u00bb][et_pb_row column_structure=\u00a0\u00bb1_2,1_2&Prime; _builder_version=\u00a0\u00bb4.16&Prime; custom_padding=\u00a0\u00bb0px|||||\u00a0\u00bb global_colors_info=\u00a0\u00bb{}\u00a0\u00bb][et_pb_column type=\u00a0\u00bb1_2&Prime; _builder_version=\u00a0\u00bb4.16&Prime; global_colors_info=\u00a0\u00bb{}\u00a0\u00bb][et_pb_text _builder_version=\u00a0\u00bb4.16&Prime; text_text_color=\u00a0\u00bbrgba(255,207,154,0.7)\u00a0\u00bb text_font_size=\u00a0\u00bb16px\u00a0\u00bb text_line_height=\u00a0\u00bb1.8em\u00a0\u00bb header_2_font=\u00a0\u00bbPlayfair Display||||||||\u00a0\u00bb header_2_text_color=\u00a0\u00bb#ffebd6&Prime; header_2_font_size=\u00a0\u00bb60px\u00a0\u00bb header_2_line_height=\u00a0\u00bb1.2em\u00a0\u00bb header_6_font=\u00a0\u00bb|700||on|||||\u00a0\u00bb header_6_text_color=\u00a0\u00bb#ffcf9a\u00a0\u00bb header_6_letter_spacing=\u00a0\u00bb2px\u00a0\u00bb header_6_line_height=\u00a0\u00bb1.2em\u00a0\u00bb background_layout=\u00a0\u00bbdark\u00a0\u00bb max_width=\u00a0\u00bb550px\u00a0\u00bb header_2_font_size_tablet=\u00a0\u00bb40px\u00a0\u00bb header_2_font_size_phone=\u00a0\u00bb30px\u00a0\u00bb header_2_font_size_last_edited=\u00a0\u00bbon|phone\u00a0\u00bb locked=\u00a0\u00bboff\u00a0\u00bb global_colors_info=\u00a0\u00bb{}\u00a0\u00bb]<\/p>\n<h6>Si Les Vaches Avaient Des Ailes<\/h6>\n<h2>Ce caf\u00e9 est d\u00e9di\u00e9 \u00e0 Matthieu c\u00f4te<\/h2>\n<p>Artiste parti trop t\u00f4t, retrouvez ces chansons en suivant ce lien<\/p>\n<p>[\/et_pb_text][et_pb_button button_url=\u00a0\u00bbhttps:\/\/matthieucote.bandcamp.com\/\u00a0\u00bb button_text=\u00a0\u00bbD\u00e9couvrez le\u00a0\u00bb _builder_version=\u00a0\u00bb4.16&Prime; custom_button=\u00a0\u00bbon\u00a0\u00bb button_text_size=\u00a0\u00bb14px\u00a0\u00bb button_text_color=\u00a0\u00bb#ffcf9a\u00a0\u00bb button_border_color=\u00a0\u00bb#ffcf9a\u00a0\u00bb button_border_radius=\u00a0\u00bb0px\u00a0\u00bb button_letter_spacing=\u00a0\u00bb2px\u00a0\u00bb button_font=\u00a0\u00bbMontserrat|700||on|||||\u00a0\u00bb custom_padding=\u00a0\u00bb15px|25px|15px|25px|true|true\u00a0\u00bb global_colors_info=\u00a0\u00bb{}\u00a0\u00bb button_text_color__hover=\u00a0\u00bb#160b00&Prime; button_text_color__hover_enabled=\u00a0\u00bbon\u00a0\u00bb button_bg_color__hover=\u00a0\u00bb#ffcf9a\u00a0\u00bb button_bg_color__hover_enabled=\u00a0\u00bbon\u00a0\u00bb button_border_color__hover=\u00a0\u00bb#ffcf9a\u00a0\u00bb button_border_color__hover_enabled=\u00a0\u00bbon\u00a0\u00bb button_bg_enable_color__hover=\u00a0\u00bbon\u00a0\u00bb][\/et_pb_button][\/et_pb_column][et_pb_column type=\u00a0\u00bb1_2&Prime; _builder_version=\u00a0\u00bb4.16&Prime; global_colors_info=\u00a0\u00bb{}\u00a0\u00bb][et_pb_image src=\u00a0\u00bbhttps:\/\/silesvachesavaientdesailes.org\/wp-content\/uploads\/2020\/06\/matthieunew.png\u00a0\u00bb title_text=\u00a0\u00bbmatthieunew\u00a0\u00bb _builder_version=\u00a0\u00bb4.16&Prime; max_width_phone=\u00a0\u00bb150px\u00a0\u00bb max_width_last_edited=\u00a0\u00bboff|tablet\u00a0\u00bb custom_margin=\u00a0\u00bb-10px|||-80px|false|false\u00a0\u00bb custom_margin_tablet=\u00a0\u00bb0px||||false|false\u00a0\u00bb custom_margin_phone=\u00a0\u00bb\u00a0\u00bb custom_margin_last_edited=\u00a0\u00bbon|tablet\u00a0\u00bb locked=\u00a0\u00bboff\u00a0\u00bb global_colors_info=\u00a0\u00bb{}\u00a0\u00bb][\/et_pb_image][\/et_pb_column][\/et_pb_row][\/et_pb_section][et_pb_section fb_built=\u00a0\u00bb1&Prime; admin_label=\u00a0\u00bbFooter\u00a0\u00bb _builder_version=\u00a0\u00bb4.16&Prime; background_color=\u00a0\u00bb#160b00&Prime; saved_tabs=\u00a0\u00bball\u00a0\u00bb locked=\u00a0\u00bboff\u00a0\u00bb global_colors_info=\u00a0\u00bb{}\u00a0\u00bb][et_pb_row module_id=\u00a0\u00bbcontact\u00a0\u00bb _builder_version=\u00a0\u00bb4.16&Prime; global_colors_info=\u00a0\u00bb{}\u00a0\u00bb][et_pb_column type=\u00a0\u00bb4_4&Prime; _builder_version=\u00a0\u00bb4.16&Prime; global_colors_info=\u00a0\u00bb{}\u00a0\u00bb][et_pb_text _builder_version=\u00a0\u00bb4.16&Prime; text_font=\u00a0\u00bbMontserrat|700|||||||\u00a0\u00bb text_text_color=\u00a0\u00bb#ffcf9a\u00a0\u00bb text_font_size=\u00a0\u00bb24px\u00a0\u00bb text_line_height=\u00a0\u00bb1.5em\u00a0\u00bb header_3_font=\u00a0\u00bb|700||on|||||\u00a0\u00bb header_3_text_color=\u00a0\u00bbrgba(255,207,154,0.4)\u00a0\u00bb header_3_font_size=\u00a0\u00bb14px\u00a0\u00bb header_3_letter_spacing=\u00a0\u00bb2px\u00a0\u00bb header_3_line_height=\u00a0\u00bb1.2em\u00a0\u00bb text_orientation=\u00a0\u00bbcenter\u00a0\u00bb background_layout=\u00a0\u00bbdark\u00a0\u00bb max_width=\u00a0\u00bb550px\u00a0\u00bb module_alignment=\u00a0\u00bbcenter\u00a0\u00bb custom_margin_tablet=\u00a0\u00bb||40px||false|false\u00a0\u00bb custom_margin_phone=\u00a0\u00bb||30px||false|false\u00a0\u00bb custom_margin_last_edited=\u00a0\u00bboff|phone\u00a0\u00bb custom_padding=\u00a0\u00bb||18px||false|false\u00a0\u00bb text_font_size_tablet=\u00a0\u00bb24px\u00a0\u00bb text_font_size_phone=\u00a0\u00bb14px\u00a0\u00bb text_font_size_last_edited=\u00a0\u00bbon|phone\u00a0\u00bb border_width_bottom=\u00a0\u00bb1px\u00a0\u00bb text_text_align=\u00a0\u00bbcenter\u00a0\u00bb locked=\u00a0\u00bboff\u00a0\u00bb global_colors_info=\u00a0\u00bb{}\u00a0\u00bb]<\/p>\n<h3>VIENS NOUS VOIR<\/h3>\n<p><span>236 route des, 07250 Rompon<\/span><\/p>\n<p>[\/et_pb_text][et_pb_text _builder_version=\u00a0\u00bb4.27.4&Prime; text_font=\u00a0\u00bbMontserrat|700|||||||\u00a0\u00bb text_text_color=\u00a0\u00bb#ffcf9a\u00a0\u00bb text_font_size=\u00a0\u00bb24px\u00a0\u00bb text_line_height=\u00a0\u00bb1.5em\u00a0\u00bb link_font=\u00a0\u00bb||||on|||rgba(255,207,154,0.35)|\u00a0\u00bb link_text_color=\u00a0\u00bb#ffcf9a\u00a0\u00bb header_3_font=\u00a0\u00bb|700||on|||||\u00a0\u00bb header_3_text_color=\u00a0\u00bbrgba(255,207,154,0.4)\u00a0\u00bb header_3_font_size=\u00a0\u00bb14px\u00a0\u00bb header_3_letter_spacing=\u00a0\u00bb2px\u00a0\u00bb header_3_line_height=\u00a0\u00bb1.2em\u00a0\u00bb text_orientation=\u00a0\u00bbcenter\u00a0\u00bb background_layout=\u00a0\u00bbdark\u00a0\u00bb max_width=\u00a0\u00bb550px\u00a0\u00bb module_alignment=\u00a0\u00bbcenter\u00a0\u00bb custom_margin_tablet=\u00a0\u00bb||40px||false|false\u00a0\u00bb custom_margin_phone=\u00a0\u00bb||30px||false|false\u00a0\u00bb custom_margin_last_edited=\u00a0\u00bboff|phone\u00a0\u00bb custom_padding=\u00a0\u00bb||18px||false|false\u00a0\u00bb hover_enabled=\u00a0\u00bb0&Prime; text_font_size_tablet=\u00a0\u00bb24px\u00a0\u00bb text_font_size_phone=\u00a0\u00bb14px\u00a0\u00bb text_font_size_last_edited=\u00a0\u00bbon|phone\u00a0\u00bb border_width_bottom=\u00a0\u00bb1px\u00a0\u00bb text_text_align=\u00a0\u00bbcenter\u00a0\u00bb locked=\u00a0\u00bboff\u00a0\u00bb global_colors_info=\u00a0\u00bb{}\u00a0\u00bb sticky_enabled=\u00a0\u00bb0&Prime;]<\/p>\n<h3>NOUS CONTACTER<\/h3>\n<p><span class=\"zgWrF\">06 80 53 76 69<\/span><br \/><a href=\"mailto:contact@silesvachesavaientdesailes.org\">contact@silesvachesavaientdesailes.org<\/a><\/p>\n<p>[\/et_pb_text][et_pb_text _builder_version=\u00a0\u00bb4.27.4&Prime; text_font=\u00a0\u00bbMontserrat||||||||\u00a0\u00bb text_text_color=\u00a0\u00bbrgba(255,207,154,0.7)\u00a0\u00bb header_3_font=\u00a0\u00bb|700||on|||||\u00a0\u00bb header_3_text_color=\u00a0\u00bb#ffcf9a\u00a0\u00bb header_3_font_size=\u00a0\u00bb14px\u00a0\u00bb header_3_letter_spacing=\u00a0\u00bb2px\u00a0\u00bb header_3_line_height=\u00a0\u00bb1.2em\u00a0\u00bb background_color=\u00a0\u00bb#160b00&Prime; text_orientation=\u00a0\u00bbcenter\u00a0\u00bb background_layout=\u00a0\u00bbdark\u00a0\u00bb max_width=\u00a0\u00bb550px\u00a0\u00bb module_alignment=\u00a0\u00bbcenter\u00a0\u00bb hover_enabled=\u00a0\u00bb0&Prime; text_font_size_tablet=\u00a0\u00bb24px\u00a0\u00bb text_font_size_phone=\u00a0\u00bb20px\u00a0\u00bb text_font_size_last_edited=\u00a0\u00bboff|phone\u00a0\u00bb text_text_align=\u00a0\u00bbcenter\u00a0\u00bb locked=\u00a0\u00bboff\u00a0\u00bb global_colors_info=\u00a0\u00bb{}\u00a0\u00bb sticky_enabled=\u00a0\u00bb0&Prime;]<\/p>\n<h3>OUVERTURE<\/h3>\n<p>\u00e0 partir de 19h les soirs de concerts<\/p>\n<p>[\/et_pb_text][\/et_pb_column][\/et_pb_row][et_pb_row column_structure=\u00a0\u00bb2_5,3_5&Prime; _builder_version=\u00a0\u00bb4.16&Prime; custom_margin=\u00a0\u00bb60px||60px||true|false\u00a0\u00bb global_colors_info=\u00a0\u00bb{}\u00a0\u00bb][et_pb_column type=\u00a0\u00bb2_5&Prime; _builder_version=\u00a0\u00bb4.16&Prime; global_colors_info=\u00a0\u00bb{}\u00a0\u00bb][et_pb_image src=\u00a0\u00bbhttps:\/\/silesvachesavaientdesailes.org\/wp-content\/uploads\/2019\/11\/slvada_blanc.png\u00a0\u00bb title_text=\u00a0\u00bbslvada_blanc\u00a0\u00bb _builder_version=\u00a0\u00bb4.16&Prime; custom_margin_tablet=\u00a0\u00bb0px||0px|0px|false|false\u00a0\u00bb custom_margin_last_edited=\u00a0\u00bboff|phone\u00a0\u00bb global_colors_info=\u00a0\u00bb{}\u00a0\u00bb][\/et_pb_image][et_pb_text _builder_version=\u00a0\u00bb4.16&Prime; text_text_color=\u00a0\u00bbrgba(255,207,154,0.7)\u00a0\u00bb text_font_size=\u00a0\u00bb16px\u00a0\u00bb text_line_height=\u00a0\u00bb1.8em\u00a0\u00bb background_layout=\u00a0\u00bbdark\u00a0\u00bb max_width=\u00a0\u00bb550px\u00a0\u00bb locked=\u00a0\u00bboff\u00a0\u00bb global_colors_info=\u00a0\u00bb{}\u00a0\u00bb]<\/p>\n<p>\u00ab\u00a0Si les vaches avaient des ailes, je ne prendrais pas l&rsquo;avion.\u00a0\u00bb &#8211; Matthieu C\u00f4te<\/p>\n<p>[\/et_pb_text][\/et_pb_column][et_pb_column type=\u00a0\u00bb3_5&Prime; _builder_version=\u00a0\u00bb4.16&Prime; transform_scale_tablet=\u00a0\u00bb\u00a0\u00bb transform_scale_phone=\u00a0\u00bb\u00a0\u00bb transform_scale_last_edited=\u00a0\u00bbon|desktop\u00a0\u00bb transform_translate_tablet=\u00a0\u00bb30px|0px\u00a0\u00bb transform_translate_phone=\u00a0\u00bb20px|0px\u00a0\u00bb transform_translate_last_edited=\u00a0\u00bbon|phone\u00a0\u00bb transform_translate_linked_tablet=\u00a0\u00bboff\u00a0\u00bb transform_rotate_tablet=\u00a0\u00bb\u00a0\u00bb transform_rotate_phone=\u00a0\u00bb\u00a0\u00bb transform_rotate_last_edited=\u00a0\u00bbon|desktop\u00a0\u00bb transform_skew_tablet=\u00a0\u00bb\u00a0\u00bb transform_skew_phone=\u00a0\u00bb\u00a0\u00bb transform_skew_last_edited=\u00a0\u00bbon|desktop\u00a0\u00bb transform_origin_tablet=\u00a0\u00bb\u00a0\u00bb transform_origin_phone=\u00a0\u00bb\u00a0\u00bb transform_origin_last_edited=\u00a0\u00bbon|desktop\u00a0\u00bb transform_styles_last_edited=\u00a0\u00bbon|phone\u00a0\u00bb transform_styles_tablet=\u00a0\u00bb\u00a0\u00bb transform_styles_phone=\u00a0\u00bb\u00a0\u00bb border_width_all=\u00a0\u00bb2px\u00a0\u00bb border_color_all=\u00a0\u00bb#ffcf9a\u00a0\u00bb global_colors_info=\u00a0\u00bb{}\u00a0\u00bb][et_pb_contact_form use_spam_service=\u00a0\u00bbon\u00a0\u00bb recaptcha_list=\u00a0\u00bbDefault|Default-0&Prime; email=\u00a0\u00bbcontact@silesvachesavaientdesailes.org\u00a0\u00bb title=\u00a0\u00bbContactez-nous\u00a0\u00bb custom_message=\u00a0\u00bbNouveau message du site web :||et_pb_line_break_holder||%%Name%%||et_pb_line_break_holder||%%Email%%||et_pb_line_break_holder||%%Message%%||et_pb_line_break_holder||||et_pb_line_break_holder||\u00a0\u00bb success_message=\u00a0\u00bbMessage envoy\u00e9 !\u00a0\u00bb _builder_version=\u00a0\u00bb4.16&Prime; _unique_id=\u00a0\u00bb11673a19-e5a2-47e3-9cea-8a91d3158d90&Prime; form_field_background_color=\u00a0\u00bbrgba(0,0,0,0)\u00a0\u00bb form_field_text_color=\u00a0\u00bb#160b00&Prime; title_level=\u00a0\u00bbh4&Prime; title_font=\u00a0\u00bbPlayfair Display|700|||||||\u00a0\u00bb title_font_size=\u00a0\u00bb32px\u00a0\u00bb form_field_font=\u00a0\u00bb|600|||||||\u00a0\u00bb background_color=\u00a0\u00bb#ffcf9a\u00a0\u00bb background_image=\u00a0\u00bbhttps:\/\/silesvachesavaientdesailes.org\/wp-content\/uploads\/2019\/11\/bar-01.png\u00a0\u00bb background_size=\u00a0\u00bbinitial\u00a0\u00bb background_repeat=\u00a0\u00bbrepeat\u00a0\u00bb custom_button=\u00a0\u00bbon\u00a0\u00bb button_text_size=\u00a0\u00bb14px\u00a0\u00bb button_text_color=\u00a0\u00bb#000000&Prime; button_border_color=\u00a0\u00bb#000000&Prime; button_border_radius=\u00a0\u00bb0px\u00a0\u00bb button_letter_spacing=\u00a0\u00bb2px\u00a0\u00bb button_font=\u00a0\u00bbMontserrat|700||on|||||\u00a0\u00bb button_custom_margin=\u00a0\u00bb30px||||false|false\u00a0\u00bb button_custom_padding=\u00a0\u00bb15px|25px|15px|25px|true|true\u00a0\u00bb transform_scale_tablet=\u00a0\u00bb\u00a0\u00bb transform_scale_phone=\u00a0\u00bb\u00a0\u00bb transform_scale_last_edited=\u00a0\u00bbon|desktop\u00a0\u00bb transform_translate=\u00a0\u00bb39px|39px\u00a0\u00bb transform_translate_tablet=\u00a0\u00bb-30px|-30px\u00a0\u00bb transform_translate_phone=\u00a0\u00bb-20px|-20px\u00a0\u00bb transform_translate_last_edited=\u00a0\u00bbon|phone\u00a0\u00bb transform_rotate_tablet=\u00a0\u00bb\u00a0\u00bb transform_rotate_phone=\u00a0\u00bb\u00a0\u00bb transform_rotate_last_edited=\u00a0\u00bbon|desktop\u00a0\u00bb transform_skew_tablet=\u00a0\u00bb\u00a0\u00bb transform_skew_phone=\u00a0\u00bb\u00a0\u00bb transform_skew_last_edited=\u00a0\u00bbon|desktop\u00a0\u00bb transform_origin_tablet=\u00a0\u00bb\u00a0\u00bb transform_origin_phone=\u00a0\u00bb\u00a0\u00bb transform_origin_last_edited=\u00a0\u00bbon|desktop\u00a0\u00bb transform_styles_last_edited=\u00a0\u00bbon|phone\u00a0\u00bb custom_padding=\u00a0\u00bb60px|60px|60px|60px|true|true\u00a0\u00bb custom_padding_tablet=\u00a0\u00bb50px|50px|50px|50px|true|true\u00a0\u00bb custom_padding_phone=\u00a0\u00bb30px|30px|30px|30px|true|true\u00a0\u00bb custom_padding_last_edited=\u00a0\u00bbon|tablet\u00a0\u00bb title_font_size_tablet=\u00a0\u00bb24px\u00a0\u00bb title_font_size_phone=\u00a0\u00bb20px\u00a0\u00bb title_font_size_last_edited=\u00a0\u00bbon|phone\u00a0\u00bb button_text_color_last_edited=\u00a0\u00bboff|desktop\u00a0\u00bb transform_styles_tablet=\u00a0\u00bb\u00a0\u00bb transform_styles_phone=\u00a0\u00bb\u00a0\u00bb border_width_all=\u00a0\u00bb2px\u00a0\u00bb border_color_all=\u00a0\u00bb#160b00&Prime; global_colors_info=\u00a0\u00bb{}\u00a0\u00bb button_text_color__hover=\u00a0\u00bb#ffcf9a\u00a0\u00bb button_text_color__hover_enabled=\u00a0\u00bbon\u00a0\u00bb button_bg_color__hover=\u00a0\u00bb#160b00&Prime; button_bg_color__hover_enabled=\u00a0\u00bbon\u00a0\u00bb button_bg_enable_color__hover=\u00a0\u00bbon\u00a0\u00bb][et_pb_contact_field field_id=\u00a0\u00bbName\u00a0\u00bb field_title=\u00a0\u00bbNom\u00a0\u00bb _builder_version=\u00a0\u00bb4.16&Prime; global_colors_info=\u00a0\u00bb{}\u00a0\u00bb button_text_size__hover_enabled=\u00a0\u00bboff\u00a0\u00bb button_one_text_size__hover_enabled=\u00a0\u00bboff\u00a0\u00bb button_two_text_size__hover_enabled=\u00a0\u00bboff\u00a0\u00bb button_text_color__hover_enabled=\u00a0\u00bboff\u00a0\u00bb button_one_text_color__hover_enabled=\u00a0\u00bboff\u00a0\u00bb button_two_text_color__hover_enabled=\u00a0\u00bboff\u00a0\u00bb button_border_width__hover_enabled=\u00a0\u00bboff\u00a0\u00bb button_one_border_width__hover_enabled=\u00a0\u00bboff\u00a0\u00bb button_two_border_width__hover_enabled=\u00a0\u00bboff\u00a0\u00bb button_border_color__hover_enabled=\u00a0\u00bboff\u00a0\u00bb button_one_border_color__hover_enabled=\u00a0\u00bboff\u00a0\u00bb button_two_border_color__hover_enabled=\u00a0\u00bboff\u00a0\u00bb button_border_radius__hover_enabled=\u00a0\u00bboff\u00a0\u00bb button_one_border_radius__hover_enabled=\u00a0\u00bboff\u00a0\u00bb button_two_border_radius__hover_enabled=\u00a0\u00bboff\u00a0\u00bb button_letter_spacing__hover_enabled=\u00a0\u00bboff\u00a0\u00bb button_one_letter_spacing__hover_enabled=\u00a0\u00bboff\u00a0\u00bb button_two_letter_spacing__hover_enabled=\u00a0\u00bboff\u00a0\u00bb button_bg_color__hover_enabled=\u00a0\u00bboff\u00a0\u00bb button_one_bg_color__hover_enabled=\u00a0\u00bboff\u00a0\u00bb button_two_bg_color__hover_enabled=\u00a0\u00bboff\u00a0\u00bb][\/et_pb_contact_field][et_pb_contact_field field_id=\u00a0\u00bbEmail\u00a0\u00bb field_title=\u00a0\u00bbAdresse e-mail\u00a0\u00bb field_type=\u00a0\u00bbemail\u00a0\u00bb _builder_version=\u00a0\u00bb4.16&Prime; global_colors_info=\u00a0\u00bb{}\u00a0\u00bb button_text_size__hover_enabled=\u00a0\u00bboff\u00a0\u00bb button_one_text_size__hover_enabled=\u00a0\u00bboff\u00a0\u00bb button_two_text_size__hover_enabled=\u00a0\u00bboff\u00a0\u00bb button_text_color__hover_enabled=\u00a0\u00bboff\u00a0\u00bb button_one_text_color__hover_enabled=\u00a0\u00bboff\u00a0\u00bb button_two_text_color__hover_enabled=\u00a0\u00bboff\u00a0\u00bb button_border_width__hover_enabled=\u00a0\u00bboff\u00a0\u00bb button_one_border_width__hover_enabled=\u00a0\u00bboff\u00a0\u00bb button_two_border_width__hover_enabled=\u00a0\u00bboff\u00a0\u00bb button_border_color__hover_enabled=\u00a0\u00bboff\u00a0\u00bb button_one_border_color__hover_enabled=\u00a0\u00bboff\u00a0\u00bb button_two_border_color__hover_enabled=\u00a0\u00bboff\u00a0\u00bb button_border_radius__hover_enabled=\u00a0\u00bboff\u00a0\u00bb button_one_border_radius__hover_enabled=\u00a0\u00bboff\u00a0\u00bb button_two_border_radius__hover_enabled=\u00a0\u00bboff\u00a0\u00bb button_letter_spacing__hover_enabled=\u00a0\u00bboff\u00a0\u00bb button_one_letter_spacing__hover_enabled=\u00a0\u00bboff\u00a0\u00bb button_two_letter_spacing__hover_enabled=\u00a0\u00bboff\u00a0\u00bb button_bg_color__hover_enabled=\u00a0\u00bboff\u00a0\u00bb button_one_bg_color__hover_enabled=\u00a0\u00bboff\u00a0\u00bb button_two_bg_color__hover_enabled=\u00a0\u00bboff\u00a0\u00bb][\/et_pb_contact_field][et_pb_contact_field field_id=\u00a0\u00bbMessage\u00a0\u00bb field_title=\u00a0\u00bbVotre message\u00a0\u00bb field_type=\u00a0\u00bbtext\u00a0\u00bb fullwidth_field=\u00a0\u00bbon\u00a0\u00bb _builder_version=\u00a0\u00bb4.16&Prime; global_colors_info=\u00a0\u00bb{}\u00a0\u00bb button_text_size__hover_enabled=\u00a0\u00bboff\u00a0\u00bb button_one_text_size__hover_enabled=\u00a0\u00bboff\u00a0\u00bb button_two_text_size__hover_enabled=\u00a0\u00bboff\u00a0\u00bb button_text_color__hover_enabled=\u00a0\u00bboff\u00a0\u00bb button_one_text_color__hover_enabled=\u00a0\u00bboff\u00a0\u00bb button_two_text_color__hover_enabled=\u00a0\u00bboff\u00a0\u00bb button_border_width__hover_enabled=\u00a0\u00bboff\u00a0\u00bb button_one_border_width__hover_enabled=\u00a0\u00bboff\u00a0\u00bb button_two_border_width__hover_enabled=\u00a0\u00bboff\u00a0\u00bb button_border_color__hover_enabled=\u00a0\u00bboff\u00a0\u00bb button_one_border_color__hover_enabled=\u00a0\u00bboff\u00a0\u00bb button_two_border_color__hover_enabled=\u00a0\u00bboff\u00a0\u00bb button_border_radius__hover_enabled=\u00a0\u00bboff\u00a0\u00bb button_one_border_radius__hover_enabled=\u00a0\u00bboff\u00a0\u00bb button_two_border_radius__hover_enabled=\u00a0\u00bboff\u00a0\u00bb button_letter_spacing__hover_enabled=\u00a0\u00bboff\u00a0\u00bb button_one_letter_spacing__hover_enabled=\u00a0\u00bboff\u00a0\u00bb button_two_letter_spacing__hover_enabled=\u00a0\u00bboff\u00a0\u00bb button_bg_color__hover_enabled=\u00a0\u00bboff\u00a0\u00bb button_one_bg_color__hover_enabled=\u00a0\u00bboff\u00a0\u00bb button_two_bg_color__hover_enabled=\u00a0\u00bboff\u00a0\u00bb][\/et_pb_contact_field][\/et_pb_contact_form][\/et_pb_column][\/et_pb_row][\/et_pb_section]<\/p>\n","protected":false},"excerpt":{"rendered":"<p>Matthieu C\u00f4te\u00ab Si les vaches avaient des ailes, espace Matthieu C\u00f4te \u00bb, \u00a0c\u2019est avant tout l\u2019hommage que nous souhaitons rendre \u00e0 l\u2019ami cher et artiste incroyable qu\u2019\u00e9tait Matthieu C\u00f4te. En effet, lorsque nous avons cherch\u00e9 \u00e0 nommer ce nouveau projet, il a \u00e9t\u00e9 \u00e9vident pour nous de rendre hommage \u00e0 un artiste et ami parti [&hellip;]<\/p>\n","protected":false},"author":1,"featured_media":0,"parent":0,"menu_order":0,"comment_status":"closed","ping_status":"closed","template":"","meta":{"_et_pb_use_builder":"on","_et_pb_old_content":"","_et_gb_content_width":"","footnotes":""},"class_list":["post-283","page","type-page","status-publish","hentry"],"_links":{"self":[{"href":"https:\/\/silesvachesavaientdesailes.org\/index.php\/wp-json\/wp\/v2\/pages\/283","targetHints":{"allow":["GET"]}}],"collection":[{"href":"https:\/\/silesvachesavaientdesailes.org\/index.php\/wp-json\/wp\/v2\/pages"}],"about":[{"href":"https:\/\/silesvachesavaientdesailes.org\/index.php\/wp-json\/wp\/v2\/types\/page"}],"author":[{"embeddable":true,"href":"https:\/\/silesvachesavaientdesailes.org\/index.php\/wp-json\/wp\/v2\/users\/1"}],"replies":[{"embeddable":true,"href":"https:\/\/silesvachesavaientdesailes.org\/index.php\/wp-json\/wp\/v2\/comments?post=283"}],"version-history":[{"count":10,"href":"https:\/\/silesvachesavaientdesailes.org\/index.php\/wp-json\/wp\/v2\/pages\/283\/revisions"}],"predecessor-version":[{"id":3209,"href":"https:\/\/silesvachesavaientdesailes.org\/index.php\/wp-json\/wp\/v2\/pages\/283\/revisions\/3209"}],"wp:attachment":[{"href":"https:\/\/silesvachesavaientdesailes.org\/index.php\/wp-json\/wp\/v2\/media?parent=283"}],"curies":[{"name":"wp","href":"https:\/\/api.w.org\/{rel}","templated":true}]}}