{"id":697,"date":"2021-06-24T15:01:26","date_gmt":"2021-06-24T13:01:26","guid":{"rendered":"https:\/\/silesvachesavaientdesailes.org\/?post_type=product&#038;p=697"},"modified":"2021-09-09T10:53:45","modified_gmt":"2021-09-09T08:53:45","slug":"chat-mbotte","status":"publish","type":"product","link":"https:\/\/silesvachesavaientdesailes.org\/index.php\/product\/chat-mbotte\/","title":{"rendered":"Chat m&rsquo;botte"},"content":{"rendered":"<p>Dix-huit pistes que comportent l&rsquo;album, Mathilde Beasse brode essentiellement autour du quotidien et des petites histoires de la vie. Humour et ironie sont sa marque de fabrique avec des situations qui peuvent rappeler \u00e0 chacun ses propres exp\u00e9riences. Le tout accompagn\u00e9 par des rythmes entra\u00eenants, une partie musicale soign\u00e9e, bref, un premier disque qui nous \u00ab\u00a0botte\u00a0\u00bb et que l&rsquo;on a h\u00e2te de red\u00e9couvrir sur sc\u00e8ne \u00e0 la rentr\u00e9e.<\/p>\n","protected":false},"excerpt":{"rendered":"<p>18 Titres &#8211;<\/p>\n<p>Dix-huit pistes que comportent l&rsquo;album, Mathilde Beasse brode essentiellement autour du quotidien et des petites histoires de la vie. Humour et ironie sont sa marque de fabrique avec des situations qui peuvent rappeler \u00e0 chacun ses propres exp\u00e9riences. Le tout accompagn\u00e9 par des rythmes entra\u00eenants, une partie musicale soign\u00e9e, bref, un premier disque qui nous \u00ab\u00a0botte\u00a0\u00bb et que l&rsquo;on a h\u00e2te de red\u00e9couvrir sur sc\u00e8ne \u00e0 la rentr\u00e9e.<\/p>\n","protected":false},"featured_media":693,"template":"","meta":{"_et_pb_use_builder":"","_et_pb_old_content":"","_et_gb_content_width":""},"product_brand":[],"product_cat":[28],"product_tag":[],"class_list":{"0":"post-697","1":"product","2":"type-product","3":"status-publish","4":"has-post-thumbnail","6":"product_cat-cd","8":"first","9":"instock","10":"shipping-taxable","11":"purchasable","12":"product-type-simple"},"_links":{"self":[{"href":"https:\/\/silesvachesavaientdesailes.org\/index.php\/wp-json\/wp\/v2\/product\/697","targetHints":{"allow":["GET"]}}],"collection":[{"href":"https:\/\/silesvachesavaientdesailes.org\/index.php\/wp-json\/wp\/v2\/product"}],"about":[{"href":"https:\/\/silesvachesavaientdesailes.org\/index.php\/wp-json\/wp\/v2\/types\/product"}],"wp:featuredmedia":[{"embeddable":true,"href":"https:\/\/silesvachesavaientdesailes.org\/index.php\/wp-json\/wp\/v2\/media\/693"}],"wp:attachment":[{"href":"https:\/\/silesvachesavaientdesailes.org\/index.php\/wp-json\/wp\/v2\/media?parent=697"}],"wp:term":[{"taxonomy":"product_brand","embeddable":true,"href":"https:\/\/silesvachesavaientdesailes.org\/index.php\/wp-json\/wp\/v2\/product_brand?post=697"},{"taxonomy":"product_cat","embeddable":true,"href":"https:\/\/silesvachesavaientdesailes.org\/index.php\/wp-json\/wp\/v2\/product_cat?post=697"},{"taxonomy":"product_tag","embeddable":true,"href":"https:\/\/silesvachesavaientdesailes.org\/index.php\/wp-json\/wp\/v2\/product_tag?post=697"}],"curies":[{"name":"wp","href":"https:\/\/api.w.org\/{rel}","templated":true}]}}